{"id":14,"date":"2020-08-08T11:56:10","date_gmt":"2020-08-08T09:56:10","guid":{"rendered":"http:\/\/mtdthuw.cluster028.hosting.ovh.net\/?page_id=14"},"modified":"2023-07-28T19:56:55","modified_gmt":"2023-07-28T17:56:55","slug":"references","status":"publish","type":"page","link":"https:\/\/www.ikigai-colors.com\/index.php\/references\/","title":{"rendered":"References"},"content":{"rendered":"<h1><strong><span style=\"color: #ff0000;\">I<\/span><span style=\"color: #ff9900;\">k<\/span><span style=\"color: #ffcc99;\">i<\/span><span style=\"color: #00ff00;\">g<\/span><span style=\"color: #00ffff;\">a<\/span><span style=\"color: #0000ff;\">i<\/span> C<span style=\"color: #ff0000;\">o<\/span><span style=\"color: #ffcc00;\">l<\/span><span style=\"color: #00ff00;\">o<\/span><span style=\"color: #0000ff;\">r<\/span><span style=\"color: #000080;\">s <\/span><\/strong><\/h1>\n<p>Sur le th\u00e8me de l&rsquo;ikigai \/\/ <strong><em>Publications on the topic of ikigai<\/em><\/strong><\/p>\n\n\n<ul class=\"wp-block-list\">\n<li>Garcia H. &amp; Miralles F. (2018), \u00ab <strong><em>Ikigai<\/em><\/strong> \u00bb, Pocket.<\/li>\n\n\n\n<li>Krieger E.&nbsp;(2017), \u00ab <strong><em>Is entrepreneurship the wisest way to find your ikigai?<\/em><\/strong> \u00bb, Changeboard, 22 June 2017, <a href=\"http:\/\/www.changeboard.com\/content\/6872\/is-entrepreneurship-the-wisest-way-to-find-your-ikigai\/\">http:\/\/www.changeboard.com\/content\/6872\/is-entrepreneurship-the-wisest-way-to-find-your-ikigai\/<\/a><\/li>\n\n\n\n<li>Krieger E. (2017), \u00ab&nbsp;<strong><em>Entrepreneuriat et qu\u00eate de l\u2019ikigai<\/em><\/strong><em> <\/em>\u00bb, The Conversation.com, rubrique Economie + Entreprises, 18 juin 2017. <a href=\"https:\/\/theconversation.com\/entrepreneuriat-et-quete-de-likigai-79383\">https:\/\/theconversation.com\/entrepreneuriat-et-quete-de-likigai-79383<\/a><\/li>\n<\/ul>\n\n\n\n<p>Du m\u00eame auteur&#8230; \/\/ <em><strong>From the same author&#8230;<\/strong><\/em><\/p>\n\n\n\n<ul class=\"wp-block-list\">\n<li>Krieger E. (2017), \u00ab&nbsp;<strong><em>La galaxie des talents<\/em><\/strong><em> <\/em>\u00bb, La Revue du Cube #12, \u00ab Tous cr\u00e9ateurs&nbsp;! \u00bb, Mai 2017.  <a href=\"http:\/\/lecube.com\/revue\/tous-createurs\/la-galaxie-des-talents\">http:\/\/lecube.com\/revue\/tous-createurs\/la-galaxie-des-talents<\/a><\/li>\n<\/ul>\n\n\n\n<ul class=\"wp-block-list\">\n<li>Krieger E. (2020), \u00ab&nbsp;<strong><em>Piloter sa tr\u00e9sorerie en temps de crise <\/em><\/strong>\u00bb, Les Echos Solutions, 25\/05\/2020. <a href=\"https:\/\/solutions.lesechos.fr\/compta-gestion\/c\/piloter-sa-tresorerie-en-temps-de-crise-21081\/\">https:\/\/solutions.lesechos.fr\/compta-gestion\/c\/piloter-sa-tresorerie-en-temps-de-crise-21081\/<\/a><\/li>\n<\/ul>\n\n\n\n<ul class=\"wp-block-list\">\n<li>Krieger E. (2020), \u00ab&nbsp;<strong><em>Cash management in times of crisis <\/em><\/strong>\u00bb, Knowledge@HEC, 18\/05\/2020. <a href=\"https:\/\/www.hec.edu\/en\/knowledge\/instants\/cash-management-times-crisis\">https:\/\/www.hec.edu\/en\/knowledge\/instants\/cash-management-times-crisis<\/a><\/li>\n<\/ul>\n\n\n\n<ul class=\"wp-block-list\">\n<li>Krieger E. (2020), \u00ab&nbsp;<strong><em>La confiance est-elle soluble dans la digitalisation ? <\/em><\/strong>\u00bb, Les Echos Solutions, 15\/05\/2020. <a href=\"https:\/\/solutions.lesechos.fr\/equipe-management\/c\/la-confiance-est-elle-soluble-dans-la-digitalisation-20994\/\">https:\/\/solutions.lesechos.fr\/equipe-management\/c\/la-confiance-est-elle-soluble-dans-la-digitalisation-20994\/<\/a><\/li>\n<\/ul>\n\n\n\n<ul class=\"wp-block-list\">\n<li>Krieger E. (2020), \u00ab&nbsp;<strong><em>Piloter votre entreprise avec quelques indicateurs essentiels <\/em><\/strong>\u00bb, Les Echos Solutions, 26\/03\/2020. <a href=\"https:\/\/solutions.lesechos.fr\/equipe-management\/c\/piloter-votre-entreprise-avec-quelques-indicateurs-essentiels-20359\/\">https:\/\/solutions.lesechos.fr\/equipe-management\/c\/piloter-votre-entreprise-avec-quelques-indicateurs-essentiels-20359\/<\/a><\/li>\n<\/ul>\n\n\n\n<ul class=\"wp-block-list\">\n<li>Krieger E. (2020), \u00ab&nbsp;<strong><em>Entrepreneurs : six \u00e9tapes cl\u00e9s pour r\u00e9ussir en partant de rien<\/em><\/strong><em> <\/em>\u00bb, Les Echos Start, 14\/01\/2020. <a href=\"https:\/\/start.lesechos.fr\/innovations-startups\/entreprendre\/entrepreneurs-six-etapes-cles-pour-reussir-en-partant-de-rien-17128.php\">https:\/\/start.lesechos.fr\/innovations-startups\/entreprendre\/entrepreneurs-six-etapes-cles-pour-reussir-en-partant-de-rien-17128.php<\/a><\/li>\n<\/ul>\n\n\n\n<ul class=\"wp-block-list\">\n<li>Krieger E. (2019), \u00ab&nbsp;<strong><em>Digital Trust: Imagined Utopia or Possible Reality?<\/em><\/strong><em> <\/em>\u00bb, Ivy Exec, 21 October 2019. <a href=\"http:\/\/www.ivyexec.com\/career-advice\/2019\/digital-trust\/\">www.ivyexec.com\/career-advice\/2019\/digital-trust\/<\/a><\/li>\n<\/ul>\n\n\n\n<ul class=\"wp-block-list\">\n<li>Krieger E. (2019), \u00ab&nbsp;<strong><em>Comment valoriser une startup ou une PME traditionnelle ? <\/em><\/strong>\u00bb, Les Echos Solutions, 22\/07\/2019. <a href=\"https:\/\/solutions.lesechos.fr\/business-development\/c\/comment-valoriser-une-startup-ou-une-pme-traditionnelle-17808\/\">https:\/\/solutions.lesechos.fr\/business-development\/c\/comment-valoriser-une-startup-ou-une-pme-traditionnelle-17808\/<\/a><\/li>\n<\/ul>\n\n\n\n<ul class=\"wp-block-list\">\n<li>Krieger E. (2019), \u00ab&nbsp;<strong><em>Forecast Documents for Business<\/em><\/strong><em> <\/em>\u00bb, IEDP Developing Leaders, 11 July 2019. <a href=\"https:\/\/www.iedp.com\/articles\/forecast-documents-for-business\/\">https:\/\/www.iedp.com\/articles\/forecast-documents-for-business\/<\/a><\/li>\n<\/ul>\n\n\n\n<ul class=\"wp-block-list\">\n<li>Krieger E. (2019), \u00ab&nbsp;<strong><em>Networks for Entrepreneurship<\/em><\/strong><em> <\/em>\u00bb, IEDP Developing Leaders, 5 July 2019. <a href=\"https:\/\/www.iedp.com\/articles\/networks-for-entrepreneurship\/\">https:\/\/www.iedp.com\/articles\/networks-for-entrepreneurship\/<\/a><\/li>\n<\/ul>\n\n\n\n<ul class=\"wp-block-list\">\n<li>Krieger E. (2019), \u00ab&nbsp;<strong><em>Entrepreneurs: Six Key Steps To Succeed When Starting From Nothing<\/em><\/strong>\u00bb, Forbes, May 16, 2019. <a href=\"https:\/\/www.forbes.com\/sites\/hecparis\/2019\/05\/16\/entrepreneurs-six-key-steps-to-succeed-when-starting-from-nothing\">https:\/\/www.forbes.com\/sites\/hecparis\/2019\/05\/16\/entrepreneurs-six-key-steps-to-succeed-when-starting-from-nothing<\/a><\/li>\n<\/ul>\n\n\n\n<ul class=\"wp-block-list\">\n<li>Krieger E. (2019), \u00ab&nbsp;<strong><em>Artistes et scientifiques peuvent-ils se comprendre&nbsp;?<\/em><\/strong>\u00bb, La Revue du Cube #15, \u00ab L\u2019urgence de l\u2019art&nbsp;\u00bb, 3 mai 2019. <a href=\"https:\/\/issuu.com\/lecube-issy\/docs\/def?e=36299571\/69566705\">https:\/\/issuu.com\/lecube-issy\/docs\/def?e=36299571\/69566705<\/a>&nbsp; (pp. 17-18)<\/li>\n\n\n\n<li>Krieger E. (2019), \u00ab&nbsp;<strong><em>Vendre son projet&nbsp;: \u00e0 qui et comment ? <\/em><\/strong>\u00bb, Les Echos Solutions, 27\/03\/2019. <a href=\"https:\/\/solutions.lesechos.fr\/business-development\/c\/vendre-son-projet-a-qui-et-comment-16544\/\">https:\/\/solutions.lesechos.fr\/business-development\/c\/vendre-son-projet-a-qui-et-comment-16544\/<\/a><\/li>\n<\/ul>\n\n\n\n<ul class=\"wp-block-list\">\n<li>Krieger E. (2019), \u00ab&nbsp;<strong><em>The dynamics of innovation <\/em><\/strong>\u00bb, IEDP Developing Leaders, 26\/03\/2019. <a href=\"https:\/\/www.iedp.com\/articles\/the-dynamics-of-innovation\/\">https:\/\/www.iedp.com\/articles\/the-dynamics-of-innovation\/<\/a><\/li>\n<\/ul>\n\n\n\n<ul class=\"wp-block-list\">\n<li>Krieger E. (2019), \u00ab&nbsp;<strong><em>\u00catre innovant&nbsp;: comment fait-on aujourd\u2019hui&nbsp;? <\/em><\/strong>\u00bb, Les Echos Solutions, 19\/03\/2019. <a href=\"https:\/\/solutions.lesechos.fr\/business-development\/c\/etre-innovant-comment-fait-on-aujourdhui-16492\/\">https:\/\/solutions.lesechos.fr\/business-development\/c\/etre-innovant-comment-fait-on-aujourdhui-16492\/<\/a><\/li>\n<\/ul>\n\n\n\n<ul class=\"wp-block-list\">\n<li><strong><em>Avoiding the Pitfalls of Entrepreneurship <\/em><\/strong>\u00bb, IEDP Developing Leaders, 14\/03\/2019. <a href=\"https:\/\/www.iedp.com\/articles\/avoiding-the-pitfalls-of-entrepreneurship\/\">https:\/\/www.iedp.com\/articles\/avoiding-the-pitfalls-of-entrepreneurship\/<\/a><\/li>\n<\/ul>\n\n\n\n<ul class=\"wp-block-list\">\n<li>Krieger E. (2019), \u00ab&nbsp;<strong><em>Comment tisser son r\u00e9seau pour entreprendre&nbsp;? <\/em><\/strong>\u00bb, Les Echos Solutions, 21\/01\/2019. <a href=\"https:\/\/solutions.lesechos.fr\/flash-infos\/digital\/comment-tisser-son-reseau-pour-entreprendre\/\">https:\/\/solutions.lesechos.fr\/flash-infos\/digital\/comment-tisser-son-reseau-pour-entreprendre\/<\/a><\/li>\n<\/ul>\n\n\n\n<ul class=\"wp-block-list\">\n<li>Krieger E. (2019), \u00ab&nbsp;<strong><em>Argent et entrepreneuriat font-ils bon m\u00e9nage&nbsp;? <\/em><\/strong>\u00bb, Les Echos Solutions, 20\/01\/2019. <a href=\"https:\/\/solutions.lesechos.fr\/flash-infos\/business\/argent-et-entrepreneuriat-font-il-bon-menage\/\">https:\/\/solutions.lesechos.fr\/flash-infos\/business\/argent-et-entrepreneuriat-font-il-bon-menage\/<\/a><\/li>\n<\/ul>\n\n\n\n<ul class=\"wp-block-list\">\n<li>Krieger E. (2019), \u00ab&nbsp;<strong><em>5 points cl\u00e9s pour entreprendre lorsque l\u2019on part de rien&nbsp;<\/em><\/strong>\u00bb, Les Echos Solutions, 19\/01\/2019. <a href=\"https:\/\/solutions.lesechos.fr\/flash-infos\/entrepreneuriat\/5-points-cles-pour-entreprendre-lorsquon-part-de-rien\/\">https:\/\/solutions.lesechos.fr\/flash-infos\/entrepreneuriat\/5-points-cles-pour-entreprendre-lorsquon-part-de-rien\/<\/a><\/li>\n<\/ul>\n\n\n\n<ul class=\"wp-block-list\">\n<li>Krieger E. (2019), \u00ab&nbsp;<strong><em>G\u00e9rer l\u2019hypercroissance&nbsp;: 5 erreurs \u00e0 \u00e9viter&nbsp;<\/em><\/strong>\u00bb, Les Echos Solutions, 18\/01\/2019. <a href=\"https:\/\/solutions.lesechos.fr\/flash-infos\/social-rh\/gerer-lhypercroissance-5-erreurs-a-eviter\/\">https:\/\/solutions.lesechos.fr\/flash-infos\/social-rh\/gerer-lhypercroissance-5-erreurs-a-eviter\/<\/a><\/li>\n<\/ul>\n\n\n\n<ul class=\"wp-block-list\">\n<li>Krieger E. (2018), \u00ab&nbsp;<strong><em>Comment r\u00e9partir le capital entre les associ\u00e9s fondateurs&nbsp;<\/em><\/strong>\u00bb, Les Echos Solutions, 16\/11\/2018. <a href=\"https:\/\/solutions.lesechos.fr\/juridique\/c\/comment-repartir-le-capital-entre-les-associes-fondateurs-14796\/\">https:\/\/solutions.lesechos.fr\/juridique\/c\/comment-repartir-le-capital-entre-les-associes-fondateurs-14796\/<\/a><\/li>\n<\/ul>\n\n\n\n<ul class=\"wp-block-list\">\n<li>Krieger E. (2018), \u00ab&nbsp;<strong><em>De Qadesh \u00e0 Facebook&nbsp;: bienvenue dans l\u2019\u00e8re de la propagande algorithmique&nbsp;!&nbsp;<\/em><\/strong>\u00bb, La Revue du Cube #14, \u00ab R\u00e9cit(s) \u00bb, 31 mai 2018. <a href=\"http:\/\/lecube.com\/revue\/recits\/de-qadesh-a-facebook-bienvenue-dans-lere-de-la-propagande-algorithmique\">http:\/\/lecube.com\/revue\/recits\/de-qadesh-a-facebook-bienvenue-dans-lere-de-la-propagande-algorithmique<\/a><\/li>\n<\/ul>\n\n\n\n<ul class=\"wp-block-list\">\n<li>Krieger E. (2018), \u00ab&nbsp;<strong>Des tableaux de bord pour piloter votre croissance<\/strong>&nbsp;\u00bb, LegiFiscal, 17 mai 2018. <a href=\"http:\/\/www.legifiscal.fr\/vie-affaires\/tableaux-bord-piloter-croissance.html\">www.legifiscal.fr\/vie-affaires\/tableaux-bord-piloter-croissance.html<\/a> <\/li>\n<\/ul>\n\n\n\n<ul class=\"wp-block-list\">\n<li>Krieger E. (2018), \u00ab&nbsp;<strong>Faut-il ouvrir le capital de son entreprise&nbsp;?<\/strong>&nbsp;\u00bb, LegiFiscal, 15 mai 2018. <a href=\"http:\/\/www.legifiscal.fr\/vie-affaires\/faut-il-ouvrir-capital-entreprise.html\">www.legifiscal.fr\/vie-affaires\/faut-il-ouvrir-capital-entreprise.html<\/a><\/li>\n<\/ul>\n\n\n\n<ul class=\"wp-block-list\">\n<li>Krieger E. (2018), \u00ab&nbsp;<strong>Comment estimer la valeur de votre entreprise&nbsp;?<\/strong>&nbsp;\u00bb, LegiFiscal, 30 avril 2018. <a href=\"http:\/\/www.legifiscal.fr\/vie-affaires\/comment-estimer-valeur-entreprise.html\">www.legifiscal.fr\/vie-affaires\/comment-estimer-valeur-entreprise.html<\/a><\/li>\n<\/ul>\n\n\n\n<ul class=\"wp-block-list\">\n<li>Krieger E. (2018), \u00ab&nbsp;<strong>Comment d\u00e9passer son seuil de rentabilit\u00e9 ?<\/strong>&nbsp;\u00bb, LegiFiscal, 24 avril 2018.  <a href=\"http:\/\/www.legifiscal.fr\/vie-affaires\/comment-depasser-seuil-rentabilite.html\">www.legifiscal.fr\/vie-affaires\/comment-depasser-seuil-rentabilite.html<\/a><\/li>\n<\/ul>\n\n\n\n<ul class=\"wp-block-list\">\n<li>Krieger E. (2018), \u00ab&nbsp;<strong>B\u00e2tir un budget et des comptes pr\u00e9visionnels<\/strong>&nbsp;\u00bb, LegiFiscal, 18 avril 2018.  <a href=\"http:\/\/www.legifiscal.fr\/vie-affaires\/batir-budget-comptes-previsionnels.html\">www.legifiscal.fr\/vie-affaires\/batir-budget-comptes-previsionnels.html<\/a><\/li>\n<\/ul>\n\n\n\n<ul class=\"wp-block-list\">\n<li>Krieger E. (2018), \u00ab&nbsp;<strong>Fondateurs&nbsp;: comment r\u00e9partir le capital initial de votre entreprise&nbsp;?<\/strong>&nbsp;\u00bb, LegiFiscal, 27 mars 2018. <a href=\"http:\/\/www.legifiscal.fr\/vie-affaires\/creation-entreprise\/fondateurs-comment-repartir-capital-initial-entreprise.html\">www.legifiscal.fr\/vie-affaires\/creation-entreprise\/fondateurs-comment-repartir-capital-initial-entreprise.html<\/a><\/li>\n<\/ul>\n\n\n\n<ul class=\"wp-block-list\">\n<li>Krieger E. (2018), \u00ab&nbsp;<strong>Startups: How to allocate Equity among the Founders? <\/strong>\u00bb, Xerfi Canal, 5 February 2018 : <a href=\"https:\/\/youtu.be\/Dc_7CxIx8cg\" data-type=\"URL\" data-id=\"https:\/\/youtu.be\/Dc_7CxIx8cg\">LINK<\/a><\/li>\n<\/ul>\n\n\n\n<ul class=\"wp-block-list\">\n<li><a href=\"https:\/\/minutehack.com\/opinions\/start-ups-and-big-business-should-collaborate-not-compete\">https:\/\/minutehack.com\/opinions\/start-ups-and-big-business-should-collaborate-not-compete<\/a><\/li>\n<\/ul>\n\n\n\n<ul class=\"wp-block-list\">\n<li>Krieger E. (2017), \u00ab&nbsp;<strong>Startups : rassembler les comp\u00e9tences et r\u00e9partir le capital<\/strong> \u00bb, Xerfi Canal, 12 D\u00e9cembre 2017. <a href=\"http:\/\/www.xerfi-business-tv.com\/emission\/Etienne-Krieger-Startups-rassembler-les-competences-et-repartir-le-capital_3745332.html\">http:\/\/www.xerfi-business-tv.com\/emission\/Etienne-Krieger-Startups-rassembler-les-competences-et-repartir-le-capital_3745332.html<\/a><\/li>\n<\/ul>\n\n\n\n<ul class=\"wp-block-list\">\n<li>Krieger E.&nbsp;(2017), \u201c<strong><em>Older entrepreneurs: Tips for business success&nbsp;<\/em><\/strong>\u201c, SmallBusiness.co.uk, 7 December 2017, https:\/\/smallbusiness.co.uk\/older-entrepreneurs-tips-seniors-business-2541863\/<\/li>\n\n\n\n<li>Krieger E. (2017), \u00ab&nbsp;<strong><em>De Charybde en Scylla.com<\/em><\/strong><em> <\/em>\u00bb, La Revue du Cube #13, \u00ab Emancipation \u00bb, 5 D\u00e9cembre 2017. <a href=\"http:\/\/lecube.com\/revue\/emancipation\/de-charybde-en-scylla-com\">http:\/\/lecube.com\/revue\/emancipation\/de-charybde-en-scylla-com<\/a><\/li>\n<\/ul>\n\n\n\n<ul class=\"wp-block-list\">\n<li>Krieger E. (2017), \u201c<strong><em>Over 30 And Starting A Business For The First Time<\/em><\/strong>\u201c, MinuteHack, 30 Nov. 2017. Cf. <a href=\"https:\/\/minutehack.com\/guides\/over-30-and-starting-a-business-for-the-first-time\">LINK<\/a>. <a href=\"https:\/\/minutehack.com\/guides\/over-30-and-starting-a-business-for-the-first-time\">https:\/\/minutehack.com\/guides\/over-30-and-starting-a-business-for-the-first-time<\/a><\/li>\n<\/ul>\n\n\n\n<p><\/p>\n","protected":false},"excerpt":{"rendered":"<p>Ikigai Colors Sur le th\u00e8me de l&rsquo;ikigai \/\/ Publications on the topic of ikigai Du m\u00eame auteur&#8230; \/\/ From the same author&#8230;<\/p>\n","protected":false},"author":1,"featured_media":0,"parent":0,"menu_order":0,"comment_status":"closed","ping_status":"closed","template":"","meta":{"footnotes":""},"class_list":["post-14","page","type-page","status-publish","hentry"],"_links":{"self":[{"href":"https:\/\/www.ikigai-colors.com\/index.php\/wp-json\/wp\/v2\/pages\/14","targetHints":{"allow":["GET"]}}],"collection":[{"href":"https:\/\/www.ikigai-colors.com\/index.php\/wp-json\/wp\/v2\/pages"}],"about":[{"href":"https:\/\/www.ikigai-colors.com\/index.php\/wp-json\/wp\/v2\/types\/page"}],"author":[{"embeddable":true,"href":"https:\/\/www.ikigai-colors.com\/index.php\/wp-json\/wp\/v2\/users\/1"}],"replies":[{"embeddable":true,"href":"https:\/\/www.ikigai-colors.com\/index.php\/wp-json\/wp\/v2\/comments?post=14"}],"version-history":[{"count":13,"href":"https:\/\/www.ikigai-colors.com\/index.php\/wp-json\/wp\/v2\/pages\/14\/revisions"}],"predecessor-version":[{"id":1480,"href":"https:\/\/www.ikigai-colors.com\/index.php\/wp-json\/wp\/v2\/pages\/14\/revisions\/1480"}],"wp:attachment":[{"href":"https:\/\/www.ikigai-colors.com\/index.php\/wp-json\/wp\/v2\/media?parent=14"}],"curies":[{"name":"wp","href":"https:\/\/api.w.org\/{rel}","templated":true}]}}