{"id":3120,"date":"2026-04-18T14:36:29","date_gmt":"2026-04-18T12:36:29","guid":{"rendered":"https:\/\/www.ikigai-colors.com\/?page_id=3120"},"modified":"2026-04-18T15:48:12","modified_gmt":"2026-04-18T13:48:12","slug":"books","status":"publish","type":"page","link":"https:\/\/www.ikigai-colors.com\/index.php\/books\/","title":{"rendered":"Books"},"content":{"rendered":"\n<p class=\"has-text-align-center has-large-font-size\"><strong>Books \/ Ouvrages<\/strong><\/p>\n\n\n\n<p class=\"has-accent-color has-text-color has-link-color wp-elements-9a1e44a28439bd57426c5c380594a5a9\" style=\"font-size:30px\"><strong>25 id\u00e9es cl\u00e9s pour entreprendre et innover<\/strong><\/p>\n\n\n\n<figure class=\"wp-block-image size-large\"><img loading=\"lazy\" decoding=\"async\" width=\"1024\" height=\"579\" src=\"https:\/\/www.ikigai-colors.com\/wp-content\/uploads\/2026\/04\/Y604_Couverture_25-idees-cles-ET-illustrations-1-1024x579.jpg\" alt=\"\" class=\"wp-image-3157\" srcset=\"https:\/\/www.ikigai-colors.com\/wp-content\/uploads\/2026\/04\/Y604_Couverture_25-idees-cles-ET-illustrations-1-1024x579.jpg 1024w, https:\/\/www.ikigai-colors.com\/wp-content\/uploads\/2026\/04\/Y604_Couverture_25-idees-cles-ET-illustrations-1-300x170.jpg 300w, https:\/\/www.ikigai-colors.com\/wp-content\/uploads\/2026\/04\/Y604_Couverture_25-idees-cles-ET-illustrations-1-768x434.jpg 768w, https:\/\/www.ikigai-colors.com\/wp-content\/uploads\/2026\/04\/Y604_Couverture_25-idees-cles-ET-illustrations-1.jpg 1172w\" sizes=\"auto, (max-width: 1024px) 100vw, 1024px\" \/><\/figure>\n\n\n\n<blockquote class=\"wp-block-quote is-layout-flow wp-block-quote-is-layout-flow\">\n<p style=\"font-size:15px\">\u00ab <em>Ne b\u00e2tissez pas de cath\u00e9drale technologique en plein d\u00e9sert<\/em> \u00bb&nbsp;; \u00ab <em>Soyez sexy et dangereux<\/em>&nbsp;\u00bb&nbsp;; \u00ab <em>\u00c7a doit cracher du cash<\/em>&nbsp;! \u00bb. Derri\u00e8re ces formules percutantes se cache une p\u00e9dagogie forg\u00e9e au contact de nombreux entrepreneurs. Cet ouvrage ne propose ni recette miracle ni th\u00e9orie abstraite. Il rassemble des invariants : ces principes simples qui font la diff\u00e9rence entre cr\u00e9dibilit\u00e9 et illusion, entre lucidit\u00e9 et aveuglement. Structur\u00e9 autour de cinq piliers (\u00e9quipe, strat\u00e9gie, business plan, commercial et finance), il offre un compagnon de route concis, pragmatique et volontairement incisif. Un livre pour celles et ceux qui souhaitent acqu\u00e9rir des r\u00e9flexes de survie en mati\u00e8re d\u2019entrepreneuriat et d\u2019innovation.<\/p>\n\n\n\n<p class=\"has-small-font-size\"><a><strong><em>\u00c9tienne Krieger <\/em><\/strong><\/a><em>est professeur \u00e0 HEC Paris et expert en strat\u00e9gie et en finance entrepreneuriale. Cofondateur et directeur acad\u00e9mique du programme HEC Challenge + et du certificat ex\u00e9cutif \u00ab&nbsp;Dirigeant de PME \u00bb, il a form\u00e9 et accompagn\u00e9 plus de 2000 cr\u00e9ateurs et dirigeants d\u2019entreprises.<\/em><\/p>\n<\/blockquote>\n\n\n\n<p style=\"font-size:15px\"><strong>Date de publication<\/strong> : 20 avril 2026, Editions BoD. ISBN&nbsp;: 978-2-322-61894-1<\/p>\n\n\n\n<p class=\"has-small-font-size\"><strong>Avant-propos : <\/strong>En mati\u00e8re d\u2019entrepreneuriat, il est risqu\u00e9 d\u2019adopter un ton p\u00e9remptoire pour d\u00e9crire l\u2019environnement dans lequel vous \u00e9voluez ou justifier vos choix strat\u00e9giques. Chaque projet est singulier, chaque \u00e9quipe est unique et les options de d\u00e9veloppement sont aussi vari\u00e9es que les personnalit\u00e9s qui les empruntent. Pourtant, quelques invariants s\u2019imposent de mani\u00e8re r\u00e9currente&nbsp;: certains renforcent votre cr\u00e9dibilit\u00e9, tandis que d\u2019autres vous conduisent \u00e0 coup s\u00fbr dans le mur. C\u2019est particuli\u00e8rement vrai en mati\u00e8re de relations entre associ\u00e9s et de gestion financi\u00e8re, o\u00f9 les m\u00eames causes produisent invariablement les m\u00eames effets.<\/p>\n\n\n\n<p class=\"has-small-font-size\">Au fil des ann\u00e9es, j\u2019ai cherch\u00e9 \u00e0 transmettre ces invariants \u00e0 l\u2019aide de formules simples, parfois un peu abruptes, mais toujours avec l\u2019ambition d\u2019\u00eatre ais\u00e9ment m\u00e9morisables. Beaucoup d\u2019entrepreneurs les \u00e9voquent longtemps apr\u00e8s avoir suivi mes cours, preuve que la connaissance, \u00ab <em>ce qui reste quand on a tout oubli\u00e9<\/em> \u00bb, s\u2019incarne souvent dans ces aphorismes. Je les emploie \u00e9galement lors de sessions de mentorat ou en conseil d\u2019administration : un tableau financier ou une recommandation strat\u00e9gique se renforce lorsqu\u2019une image saisissante vient en \u00e9clairer le sens.<\/p>\n\n\n\n<p class=\"has-small-font-size\">J\u2019ai opt\u00e9 pour un format volontairement concis traitant de cinq th\u00e8mes structurants&nbsp;: l\u2019\u00e9quipe, la strat\u00e9gie, le business plan, le commercial et la finance. Chaque chapitre met en lumi\u00e8re cinq id\u00e9es cl\u00e9s, issues de situations v\u00e9cues, de retours d\u2019exp\u00e9rience d\u2019entrepreneurs ou de cas concrets observ\u00e9s au fil de mes accompagnements sur tous les continents. De quoi offrir non pas un manuel universel mais un compagnon de route, pragmatique et parfois impertinent, pour celles et ceux qui souhaitent entreprendre en adoptant d\u2019embl\u00e9e les bons r\u00e9flexes.<\/p>\n\n\n\n<p class=\"has-small-font-size\">Ces principes ne pr\u00e9tendent pas remplacer des analyses approfondies&nbsp;: ils visent simplement \u00e0 \u00e9clairer les zones de turbulence que tout entrepreneur traverse t\u00f4t ou tard. S\u2019ils vous aident \u00e0 franchir une \u00e9tape d\u00e9licate, \u00e0 \u00e9viter une erreur co\u00fbteuse ou \u00e0 prendre une d\u00e9cision un peu plus lucide, alors ils auront pleinement rempli leur r\u00f4le.<\/p>\n\n\n\n<p class=\"has-small-font-size\">Si j\u2019avais \u00e9crit un ouvrage exclusivement compos\u00e9 de 25 formules-choc, c\u2019e\u00fbt \u00e9t\u00e9 trop elliptique : ceci explique la taille de chaque chapitre, dont la structure est rythm\u00e9e par des questions-cl\u00e9s, par une synth\u00e8se qui compl\u00e8te chacune des formules et par le t\u00e9moignage d\u2019entrepreneurs.<\/p>\n\n\n\n<p class=\"has-small-font-size\">J\u2019esp\u00e8re que vous prendrez autant de plaisir \u00e0 parcourir ces recommandations que j\u2019ai eu \u00e0 les formuler et les illustrer.<\/p>\n\n\n\n<p class=\"has-small-font-size\">Bonne lecture !<\/p>\n\n\n\n<p class=\"has-small-font-size\">Etienne Krieger<\/p>\n\n\n\n<p><\/p>\n\n\n\n<p class=\"has-medium-font-size\"><strong>Table des mati\u00e8res :<\/strong><\/p>\n\n\n\n<p class=\"has-text-align-left\" style=\"font-size:15px\"><strong>Avant-propos<\/strong><br><strong>1] L\u2019entrepreneur et son \u00e9quipe<\/strong><br>&#8211; Quel est votre ikigai ?<br>&#8211; S&rsquo;associer, c&rsquo;est avoir des n\u00e9vroses compl\u00e9mentaires<br>&#8211; Partagez une vision et les corv\u00e9es<br>&#8211; Entreprendre est davantage un marathon qu\u2019un sprint<br>&#8211; Cultivez votre r\u00e9seau<br><strong>2] Strat\u00e9gie et gestion des risques<\/strong><br>&#8211; Le risque c\u2019est comme le gras<br>&#8211; Pas de cath\u00e9drale technologique en plein d\u00e9sert !<br>&#8211; Sur quelle colline allez-vous b\u00e2tir votre royaume ?<br>&#8211; Soyez sexy et dangereux<br>&#8211; On peut pivoter sans devenir une toupie<br><strong>3] Business Plan<\/strong><br>&#8211; Le business plan : une boussole strat\u00e9gique<br>&#8211; Faites court !<br>&#8211; \u00c7a doit \u00eatre clair, y compris pour vos grands-parents<br>&#8211; Le cas d\u2019usage : hologramme de votre business plan<br>&#8211; Les pr\u00e9visions, c\u2019est le commerce des promesses<br><strong>4] Marketing et vente<\/strong><br>&#8211; Transformez les probl\u00e8mes en p\u00e9pites<br>&#8211; Le co\u00fbt du poison et la valeur de l\u2019antidote<br>&#8211; Segmentez et choisissez vos combats<br>&#8211; Alliez intuition et analyse<br>&#8211; Industrialisez le business avant le produit !<br><strong>5] Comptabilit\u00e9 et finance<\/strong><br>&#8211; Ta tr\u00e9sorerie est plus importante que ta m\u00e8re<br>&#8211; \u00c7a doit cracher du cash !<br>&#8211; Le point mort d\u2019exploitation : le bout du premier tunnel<br>&#8211; Variabilisez vos co\u00fbts fixes<br>&#8211; Vous n\u2019\u00eates pas la banque de vos clients<br><strong>T\u00e9moignages d\u2019entrepreneurs et d\u2019experts<\/strong><br>&#8211; Aude Nyadanu (Fondatrice et CEO de Lowpital)<br>&#8211; Georges Liberman (Fondateur de Xiring)<br>&#8211; Fran\u00e7ois Pelen (Fondateur du Groupe Point Vision)<br>&#8211; Allan Rodriguez (Fondateur de VitaDX)<br>&#8211; Adama Tour\u00e9 (CEO de Siriz SA)<br><strong>25 r\u00e9f\u00e9rences bibliographiques pour aller plus loin<br>25 questions pour tester vos connaissances<\/strong><\/p>\n","protected":false},"excerpt":{"rendered":"<p>Books \/ Ouvrages 25 id\u00e9es cl\u00e9s pour entreprendre et innover \u00ab Ne b\u00e2tissez pas de cath\u00e9drale technologique en plein d\u00e9sert \u00bb&nbsp;; \u00ab Soyez sexy et dangereux&nbsp;\u00bb&nbsp;; \u00ab \u00c7a doit cracher du cash&nbsp;! \u00bb. Derri\u00e8re ces formules percutantes se cache une p\u00e9dagogie forg\u00e9e au contact de nombreux entrepreneurs. Cet ouvrage ne [&hellip;]<\/p>\n","protected":false},"author":1,"featured_media":0,"parent":0,"menu_order":0,"comment_status":"closed","ping_status":"closed","template":"","meta":{"footnotes":""},"class_list":["post-3120","page","type-page","status-publish","hentry"],"_links":{"self":[{"href":"https:\/\/www.ikigai-colors.com\/index.php\/wp-json\/wp\/v2\/pages\/3120","targetHints":{"allow":["GET"]}}],"collection":[{"href":"https:\/\/www.ikigai-colors.com\/index.php\/wp-json\/wp\/v2\/pages"}],"about":[{"href":"https:\/\/www.ikigai-colors.com\/index.php\/wp-json\/wp\/v2\/types\/page"}],"author":[{"embeddable":true,"href":"https:\/\/www.ikigai-colors.com\/index.php\/wp-json\/wp\/v2\/users\/1"}],"replies":[{"embeddable":true,"href":"https:\/\/www.ikigai-colors.com\/index.php\/wp-json\/wp\/v2\/comments?post=3120"}],"version-history":[{"count":12,"href":"https:\/\/www.ikigai-colors.com\/index.php\/wp-json\/wp\/v2\/pages\/3120\/revisions"}],"predecessor-version":[{"id":3158,"href":"https:\/\/www.ikigai-colors.com\/index.php\/wp-json\/wp\/v2\/pages\/3120\/revisions\/3158"}],"wp:attachment":[{"href":"https:\/\/www.ikigai-colors.com\/index.php\/wp-json\/wp\/v2\/media?parent=3120"}],"curies":[{"name":"wp","href":"https:\/\/api.w.org\/{rel}","templated":true}]}}