{"id":3126,"date":"2026-04-18T14:39:32","date_gmt":"2026-04-18T12:39:32","guid":{"rendered":"https:\/\/www.ikigai-colors.com\/?page_id=3126"},"modified":"2026-04-18T17:54:35","modified_gmt":"2026-04-18T15:54:35","slug":"tools-2","status":"publish","type":"page","link":"https:\/\/www.ikigai-colors.com\/index.php\/tools-2\/","title":{"rendered":"Tools"},"content":{"rendered":"\n<p class=\"has-text-align-center has-large-font-size\"><strong>Tools \/ Outils de Pilotage<\/strong><\/p>\n\n\n\n<p style=\"font-size:15px\">Ces ressources ont \u00e9t\u00e9 d\u00e9velopp\u00e9es par Etienne Krieger, professeur \u00e0 HEC Paris et conseiller de nombreuses entreprises innovantes. Vous trouverez sur ce site un ensemble de conseils op\u00e9rationnels pour piloter votre activit\u00e9 et gagner en efficacit\u00e9. En compl\u00e9ment de ces analyses et recommandations, nous vous proposons une s\u00e9lection d\u2019outils de pilotage, qui vous feront gagner un temps pr\u00e9cieux en mati\u00e8re de mod\u00e9lisation et d&rsquo;ing\u00e9nierie financi\u00e8re.<\/p>\n\n\n\n<p class=\"has-small-font-size\">&#8230;<\/p>\n\n\n\n<h1 class=\"wp-block-heading has-medium-font-size\">[EBE+] <strong><a href=\"https:\/\/www.ikigai-colors.com\/index.php\/ebe\/\" data-type=\"page\" data-id=\"3162\">Analysez et optimisez votre seuil de rentabilit\u00e9<\/a><\/strong><\/h1>\n\n\n\n<p style=\"font-size:15px\">\u00ab\u00a0EBE+\u00a0\u00bb est un module d&rsquo;analyse et d&rsquo;optimisation du seuil de rentabilit\u00e9 et de calcul du point mort d&rsquo;exploitation. A partir des co\u00fbts fixes de l&rsquo;entreprise et de la marge sur co\u00fbts variables, l&rsquo;outil calcule le niveau de CA ainsi que le nombre de ventes n\u00e9cessaires pour parvenir \u00e0 l&rsquo;\u00e9quilibre en mati\u00e8re d&rsquo;Exc\u00e9dent Brut d&rsquo;Exploitation (EBE*).<\/p>\n\n\n\n<p class=\"has-small-font-size\"><strong>Ref\u00e9rence de l&rsquo;outil :<\/strong> cf. <a href=\"https:\/\/www.ikigai-colors.com\/index.php\/ebe\/\" data-type=\"page\" data-id=\"3162\"><strong><span style=\"text-decoration: underline;\">LIEN<\/span><\/strong><\/a><\/p>\n\n\n\n<figure class=\"wp-block-image size-full\"><img loading=\"lazy\" decoding=\"async\" width=\"992\" height=\"162\" src=\"https:\/\/www.ikigai-colors.com\/wp-content\/uploads\/2026\/04\/EBE-Avocat-01.jpg\" alt=\"\" class=\"wp-image-3131\" srcset=\"https:\/\/www.ikigai-colors.com\/wp-content\/uploads\/2026\/04\/EBE-Avocat-01.jpg 992w, https:\/\/www.ikigai-colors.com\/wp-content\/uploads\/2026\/04\/EBE-Avocat-01-300x49.jpg 300w, https:\/\/www.ikigai-colors.com\/wp-content\/uploads\/2026\/04\/EBE-Avocat-01-768x125.jpg 768w\" sizes=\"auto, (max-width: 992px) 100vw, 992px\" \/><\/figure>\n\n\n\n<p class=\"has-small-font-size\">&#8230;<\/p>\n\n\n\n<p class=\"has-medium-font-size\"><strong>[Plan Marketing Premium]<\/strong> <strong><a href=\"https:\/\/www.ikigai-colors.com\/index.php\/plan-marketing-premium\/\" data-type=\"page\" data-id=\"3181\">Chiffrez et phasez votre plan marketing et commercial<\/a><\/strong><\/p>\n\n\n\n<p style=\"font-size:15px\">\u00ab\u00a0Plan Marketing Premium\u00a0\u00bb est un outil de cadrage des actions marketing et commerciales d&rsquo;une entreprise. Cet outil permet en outre de suivre le nombre de vos contacts commerciaux et\/ou l&rsquo;audience de votre site Internet et de calculer votre taux de transformation et votre co\u00fbt d&rsquo;acquisition client. Il inclut \u00e9galement \u00ab\u00a0Propalor\u00a0\u00bb, un outil de d&rsquo;analyser et d&rsquo;optimisation de votre cycle de vente.<\/p>\n\n\n\n<p class=\"has-small-font-size\"><strong>Ref\u00e9rence de l&rsquo;outil :<\/strong> cf. <strong><span style=\"text-decoration: underline;\"><a href=\"https:\/\/www.ikigai-colors.com\/index.php\/plan-marketing-premium\/\" data-type=\"page\" data-id=\"3181\">LIEN<\/a><\/span><\/strong><\/p>\n\n\n<div class=\"wp-block-image\">\n<figure class=\"aligncenter size-large\"><img loading=\"lazy\" decoding=\"async\" width=\"1024\" height=\"430\" src=\"https:\/\/www.ikigai-colors.com\/wp-content\/uploads\/2026\/04\/Y604_Plan-Marketing-ECRAN-Outil-Excel-1024x430.jpg\" alt=\"\" class=\"wp-image-3179\" srcset=\"https:\/\/www.ikigai-colors.com\/wp-content\/uploads\/2026\/04\/Y604_Plan-Marketing-ECRAN-Outil-Excel-1024x430.jpg 1024w, https:\/\/www.ikigai-colors.com\/wp-content\/uploads\/2026\/04\/Y604_Plan-Marketing-ECRAN-Outil-Excel-300x126.jpg 300w, https:\/\/www.ikigai-colors.com\/wp-content\/uploads\/2026\/04\/Y604_Plan-Marketing-ECRAN-Outil-Excel-768x322.jpg 768w, https:\/\/www.ikigai-colors.com\/wp-content\/uploads\/2026\/04\/Y604_Plan-Marketing-ECRAN-Outil-Excel.jpg 1327w\" sizes=\"auto, (max-width: 1024px) 100vw, 1024px\" \/><\/figure>\n<\/div>\n\n\n<p class=\"has-small-font-size\">&#8230;<\/p>\n\n\n\n<p><strong>[Propalor]<\/strong> <strong><a href=\"https:\/\/www.ikigai-colors.com\/index.php\/ebe\/\" data-type=\"page\" data-id=\"3162\">ABCDEF XYZ<\/a><\/strong><\/p>\n\n\n\n<p class=\"has-small-font-size\">&#8230;<\/p>\n\n\n\n<p><strong>[Ing\u00e9Fi Premium]<\/strong> <strong><a href=\"https:\/\/www.ikigai-colors.com\/index.php\/ebe\/\" data-type=\"page\" data-id=\"3162\">ABCDEF XYZ<\/a><\/strong><\/p>\n\n\n\n<p class=\"has-small-font-size\">&#8230;<\/p>\n\n\n\n<p><strong>[BizPrev Ultimum]<\/strong> <strong><a href=\"https:\/\/www.ikigai-colors.com\/index.php\/ebe\/\" data-type=\"page\" data-id=\"3162\">ABCDEF XYZ<\/a><\/strong><\/p>\n\n\n\n<p class=\"has-small-font-size\">&#8230;<\/p>\n\n\n\n<p><strong>[BizCockpit Premium]<\/strong> <strong><a href=\"https:\/\/www.ikigai-colors.com\/index.php\/ebe\/\" data-type=\"page\" data-id=\"3162\">ABCDEF XYZ<\/a><\/strong><\/p>\n\n\n\n<p class=\"has-small-font-size\">&#8230;<\/p>\n\n\n\n<p><strong>[RiskCheck]<\/strong> <strong><a href=\"https:\/\/www.ikigai-colors.com\/index.php\/ebe\/\" data-type=\"page\" data-id=\"3162\">ABCDEF XYZ<\/a><\/strong><\/p>\n\n\n\n<p class=\"has-small-font-size\">&#8230;<\/p>\n\n\n\n<p><\/p>\n\n\n\n<p class=\"has-text-align-center\"><br>.<\/p>\n","protected":false},"excerpt":{"rendered":"<p>Tools \/ Outils de Pilotage Ces ressources ont \u00e9t\u00e9 d\u00e9velopp\u00e9es par Etienne Krieger, professeur \u00e0 HEC Paris et conseiller de nombreuses entreprises innovantes. Vous trouverez sur ce site un ensemble de conseils op\u00e9rationnels pour piloter votre activit\u00e9 et gagner en efficacit\u00e9. En compl\u00e9ment de ces analyses et recommandations, nous vous [&hellip;]<\/p>\n","protected":false},"author":1,"featured_media":0,"parent":0,"menu_order":0,"comment_status":"closed","ping_status":"closed","template":"","meta":{"footnotes":""},"class_list":["post-3126","page","type-page","status-publish","hentry"],"_links":{"self":[{"href":"https:\/\/www.ikigai-colors.com\/index.php\/wp-json\/wp\/v2\/pages\/3126","targetHints":{"allow":["GET"]}}],"collection":[{"href":"https:\/\/www.ikigai-colors.com\/index.php\/wp-json\/wp\/v2\/pages"}],"about":[{"href":"https:\/\/www.ikigai-colors.com\/index.php\/wp-json\/wp\/v2\/types\/page"}],"author":[{"embeddable":true,"href":"https:\/\/www.ikigai-colors.com\/index.php\/wp-json\/wp\/v2\/users\/1"}],"replies":[{"embeddable":true,"href":"https:\/\/www.ikigai-colors.com\/index.php\/wp-json\/wp\/v2\/comments?post=3126"}],"version-history":[{"count":17,"href":"https:\/\/www.ikigai-colors.com\/index.php\/wp-json\/wp\/v2\/pages\/3126\/revisions"}],"predecessor-version":[{"id":3207,"href":"https:\/\/www.ikigai-colors.com\/index.php\/wp-json\/wp\/v2\/pages\/3126\/revisions\/3207"}],"wp:attachment":[{"href":"https:\/\/www.ikigai-colors.com\/index.php\/wp-json\/wp\/v2\/media?parent=3126"}],"curies":[{"name":"wp","href":"https:\/\/api.w.org\/{rel}","templated":true}]}}