{"id":3181,"date":"2026-04-18T17:21:50","date_gmt":"2026-04-18T15:21:50","guid":{"rendered":"https:\/\/www.ikigai-colors.com\/?page_id=3181"},"modified":"2026-04-18T17:49:43","modified_gmt":"2026-04-18T15:49:43","slug":"plan-marketing-premium","status":"publish","type":"page","link":"https:\/\/www.ikigai-colors.com\/index.php\/plan-marketing-premium\/","title":{"rendered":"Plan Marketing Premium"},"content":{"rendered":"\n<p class=\"has-large-font-size\"><strong>Chiffrez et phasez vos actions marketing et commerciales !<\/strong><\/p>\n\n\n\n<p><strong>Pr\u00e9sentation de l&rsquo;outil :<\/strong><\/p>\n\n\n\n<p style=\"font-size:15px\">Quels sont nos objectifs de part de march\u00e9, de chiffre d&rsquo;affaires et de marge sur nos principaux segments? Quelles sont les diff\u00e9rentes actions commerciales et marketing n\u00e9cessaires pour r\u00e9aliser ces ventes ? Si vous vous posez ces questions, \u00ab\u00a0\u00a0\u00bbPlan Marketing Premium\u00a0\u00bb est fait pour vous !<\/p>\n\n\n\n<p style=\"font-size:15px\">\u00ab\u00a0Plan Marketing Premium\u00a0\u00bb est un outil de chiffrage et de phasage des actions marketing et commerciales d&rsquo;une entreprise. Il permet en outre de suivre le nombre de vos contacts commerciaux et\/ou l&rsquo;audience de votre site Internet et de calculer votre taux de transformation et votre co\u00fbt d&rsquo;acquisition client. Il inclut \u00e9galement \u00ab\u00a0Propalor\u00a0\u00bb, un outil de d&rsquo;analyse et d&rsquo;optimisation de votre cycle de vente. Ces modules sont utilisable sur un ordinateur type PC dot\u00e9 de Microsoft Excel(R) et de Windows(R). Les principales rubriques pr\u00e9sentent :<\/p>\n\n\n\n<p style=\"font-size:15px\"><strong>[Segments 1, 2, 3 et 4]<\/strong><\/p>\n\n\n\n<p style=\"font-size:15px\">&nbsp;&#8211; L&rsquo;estimation de la taille et de la croissance de chaque segment de march\u00e9 consid\u00e9r\u00e9.<\/p>\n\n\n\n<p style=\"font-size:15px\">&nbsp;&#8211; Les objectifs de CA et de part de march\u00e9 sur chaque couple produit\/march\u00e9 : offre, segment et territoire.<\/p>\n\n\n\n<p style=\"font-size:15px\">&nbsp;&#8211; Les moyens marketing sp\u00e9cifiques \u00e0 chaque offre\/segment ou couple produit\/march\u00e9.<\/p>\n\n\n\n<p style=\"font-size:15px\">&nbsp;&#8211; Les effectifs commerciaux requis pour chaque offre\/segment ainsi que les co\u00fbts correspondants.<\/p>\n\n\n\n<p style=\"font-size:15px\"><strong>[G\u00e9n\u00e9ral]<\/strong><\/p>\n\n\n\n<p style=\"font-size:15px\">&nbsp;&#8211; Les 4 principaux couples produit\/march\u00e9 de l&rsquo;entreprise : offres\/segments\/territoires.<\/p>\n\n\n\n<p style=\"font-size:15px\">&nbsp;&#8211; Les 10 principaux leviers d&rsquo;action marketing pr\u00e9vus pour promouvoir l&rsquo;entreprise.<\/p>\n\n\n\n<p style=\"font-size:15px\">&nbsp;&#8211; Les effectifs commerciaux et marketing g\u00e9n\u00e9raux et les d\u00e9penses de personnel correspondantes.<\/p>\n\n\n\n<p style=\"font-size:15px\"><strong>[TOTAL]<\/strong><\/p>\n\n\n\n<p style=\"font-size:15px\">&nbsp;&#8211; Le total des d\u00e9penses marketing et commerciales de l&rsquo;entreprise, salaires inclus.<\/p>\n\n\n\n<p style=\"font-size:15px\">&nbsp;&#8211; Les pr\u00e9visions de marges sur co\u00fbts commerciaux et sur co\u00fbts directs.<\/p>\n\n\n\n<p style=\"font-size:15px\"><strong>[Actions]<\/strong><\/p>\n\n\n\n<p style=\"font-size:15px\">&nbsp;&#8211; Les principales actions \u00e0 entreprendre au plan marketing et commercial sur les deux prochaines ann\u00e9es.<\/p>\n\n\n\n<p style=\"font-size:15px\"><strong>[SUIVI]<\/strong><\/p>\n\n\n\n<p style=\"font-size:15px\">&nbsp;&#8211; Suivi mensuel des indicateurs cl\u00e9s : nombre de contacts, commandes, CA et co\u00fbt d&rsquo;acquisition Client.<\/p>\n\n\n\n<p style=\"font-size:15px\">Les param\u00e8tres et renseignements principaux sont en orange. Les cellules en bleu ne sont pas modifiables.<\/p>\n\n\n\n<p style=\"font-size:15px\">Ce fichier comporte \u00e9galement un exemple comment\u00e9 (onglets \u00ab\u00a0Exemple1\u00a0\u00bb et \u00ab\u00a0Exemple2\u00a0\u00bb).<\/p>\n\n\n\n<p style=\"font-size:15px\">Les principaux r\u00e9sultats fournis par \u00ab\u00a0Plan Marketing\u00a0\u00bb sont relatifs aux \u00e9l\u00e9ments suivants :<\/p>\n\n\n\n<p style=\"font-size:15px\">&#8211; Objectif de part de march\u00e9 (en valeur) sur chacun des 3 segments.<\/p>\n\n\n\n<p style=\"font-size:15px\">&#8211; Marge sur co\u00fbts commerciaux et co\u00fbts directs pour chacun des 3 couples produit\/march\u00e9 (offre\/segment).<\/p>\n\n\n\n<p style=\"font-size:15px\">&#8211; Pr\u00e9visions globales de CA et de marges sur co\u00fbts commerciaux et sur co\u00fbts directs.<\/p>\n\n\n\n<p style=\"font-size:15px\">&#8211; Mise en coh\u00e9rence des diff\u00e9rentes actions commerciales pr\u00e9vues au cours de l&rsquo;ann\u00e9e.<\/p>\n\n\n\n<p style=\"font-size:15px\">Outre les co\u00fbts de production, ces diff\u00e9rents tableaux sont centr\u00e9s sur des d\u00e9penses d&rsquo;exploitation de nature commerciale et marketing et non sur des d\u00e9penses de recherche &amp; d\u00e9veloppement, des frais g\u00e9n\u00e9raux ou des investissements mat\u00e9riels ou immat\u00e9riels. Ce module \u00ab\u00a0Plan Marketing\u00a0\u00bb peut donc utilement \u00eatre compl\u00e9t\u00e9 par l&rsquo;outil pr\u00e9visionnel \u00ab\u00a0BizPrev\u00a0\u00bb, qui permet de r\u00e9aliser des pr\u00e9visions financi\u00e8res compl\u00e8tes, par \u00ab\u00a0BizBudget\u00a0\u00bb, outil de pr\u00e9visions budg\u00e9taires et par \u00ab\u00a0BizCockpit\u00a0\u00bb, qui r\u00e9unit un ensemble de tableaux de bords commerciaux et financiers.<\/p>\n\n\n\n<p style=\"font-size:15px\">Si n\u00e9cessaire, n&rsquo;h\u00e9sitez pas \u00e0 consulter vos conseillers commerciaux et financiers habituels. Bon travail !<\/p>\n\n\n\n<p style=\"font-size:15px\">(c) Etienne Krieger<\/p>\n\n\n\n<p style=\"font-size:15px\">NB : Les pr\u00e9visions commerciales et les budgets marketing par segment sont d\u00e9taill\u00e9s dans les tableaux correspondants. S&rsquo;il n&rsquo;y a qu&rsquo;un seul couple produit-march\u00e9, le tableau \u00ab\u00a0Segment1\u00a0\u00bb peut-\u00eatre compl\u00e9t\u00e9 directement, les autres restant \u00e0 z\u00e9ro.<\/p>\n\n\n\n<figure class=\"wp-block-image size-large\"><img loading=\"lazy\" decoding=\"async\" width=\"1024\" height=\"430\" src=\"http:\/\/www.ikigai-colors.com\/wp-content\/uploads\/2026\/04\/Y604_Plan-Marketing-ECRAN-Outil-Excel-1024x430.jpg\" alt=\"\" class=\"wp-image-3179\" srcset=\"https:\/\/www.ikigai-colors.com\/wp-content\/uploads\/2026\/04\/Y604_Plan-Marketing-ECRAN-Outil-Excel-1024x430.jpg 1024w, https:\/\/www.ikigai-colors.com\/wp-content\/uploads\/2026\/04\/Y604_Plan-Marketing-ECRAN-Outil-Excel-300x126.jpg 300w, https:\/\/www.ikigai-colors.com\/wp-content\/uploads\/2026\/04\/Y604_Plan-Marketing-ECRAN-Outil-Excel-768x322.jpg 768w, https:\/\/www.ikigai-colors.com\/wp-content\/uploads\/2026\/04\/Y604_Plan-Marketing-ECRAN-Outil-Excel.jpg 1327w\" sizes=\"auto, (max-width: 1024px) 100vw, 1024px\" \/><\/figure>\n\n\n\n<p style=\"font-size:15px\"><strong><span style=\"text-decoration: underline;\"><a href=\"https:\/\/www.ikigai-colors.com\/index.php\/tools-2\/\" data-type=\"page\" data-id=\"3126\">Retour au Menu \u00ab\u00a0Tools\u00a0\u00bb<\/a><\/span><\/strong><\/p>\n\n\n\n<p><\/p>\n","protected":false},"excerpt":{"rendered":"<p>Chiffrez et phasez vos actions marketing et commerciales ! Pr\u00e9sentation de l&rsquo;outil : Quels sont nos objectifs de part de march\u00e9, de chiffre d&rsquo;affaires et de marge sur nos principaux segments? Quelles sont les diff\u00e9rentes actions commerciales et marketing n\u00e9cessaires pour r\u00e9aliser ces ventes ? Si vous vous posez ces [&hellip;]<\/p>\n","protected":false},"author":1,"featured_media":0,"parent":0,"menu_order":0,"comment_status":"closed","ping_status":"closed","template":"","meta":{"footnotes":""},"class_list":["post-3181","page","type-page","status-publish","hentry"],"_links":{"self":[{"href":"https:\/\/www.ikigai-colors.com\/index.php\/wp-json\/wp\/v2\/pages\/3181","targetHints":{"allow":["GET"]}}],"collection":[{"href":"https:\/\/www.ikigai-colors.com\/index.php\/wp-json\/wp\/v2\/pages"}],"about":[{"href":"https:\/\/www.ikigai-colors.com\/index.php\/wp-json\/wp\/v2\/types\/page"}],"author":[{"embeddable":true,"href":"https:\/\/www.ikigai-colors.com\/index.php\/wp-json\/wp\/v2\/users\/1"}],"replies":[{"embeddable":true,"href":"https:\/\/www.ikigai-colors.com\/index.php\/wp-json\/wp\/v2\/comments?post=3181"}],"version-history":[{"count":7,"href":"https:\/\/www.ikigai-colors.com\/index.php\/wp-json\/wp\/v2\/pages\/3181\/revisions"}],"predecessor-version":[{"id":3204,"href":"https:\/\/www.ikigai-colors.com\/index.php\/wp-json\/wp\/v2\/pages\/3181\/revisions\/3204"}],"wp:attachment":[{"href":"https:\/\/www.ikigai-colors.com\/index.php\/wp-json\/wp\/v2\/media?parent=3181"}],"curies":[{"name":"wp","href":"https:\/\/api.w.org\/{rel}","templated":true}]}}